{"id":1530,"date":"2019-03-29T03:33:43","date_gmt":"2019-03-29T03:33:43","guid":{"rendered":"http:\/\/localhost\/consultax\/?page_id=1530"},"modified":"2023-04-06T15:25:38","modified_gmt":"2023-04-06T18:25:38","slug":"home-1","status":"publish","type":"page","link":"https:\/\/macrocontabil.com\/","title":{"rendered":"Home 1"},"content":{"rendered":"<p>[vc_row full_width=&#8221;stretch_row_content_no_spaces&#8221;][vc_column][rev_slider_vc alias=&#8221;home1&#8243;][\/vc_column][\/vc_row][vc_row full_width=&#8221;stretch_row_content_no_spaces&#8221; full_height=&#8221;yes&#8221; equal_height=&#8221;yes&#8221;][vc_column width=&#8221;1\/3&#8243;]\n        <div class=\"service-box icon-box box-shadow-2  \">\n        <i class=\"fas fa-globe\"><\/i>                        <div class=\"content-box\">\n            <h4>Totalmente Online<\/h4>\n            <p><\/p>\n<p style=\"text-align: center;\">Todo o atendimento e fluxo de documentos para a contabilidade se d\u00e1 atrav\u00e9s do nosso sistema, basta ter acesso \u00e0 internet.<\/p>\n<p><\/p>\n                    <\/div>\n    <\/div>\n    \n    [\/vc_column][vc_column width=&#8221;1\/3&#8243;]\n        <div class=\"service-box icon-box box-shadow-2  \">\n        <i class=\"fas fa-users\"><\/i>                        <div class=\"content-box\">\n            <h4>Atendimento Humanizado<\/h4>\n            <p><\/p>\n<p style=\"text-align: center;\">Uma equipe de contadores prontos para atender e ajudar a sua empresa de forma pr\u00e1tica, simples e muito mais pr\u00f3xima de voc\u00ea.<\/p>\n<p><\/p>\n                    <\/div>\n    <\/div>\n    \n    [\/vc_column][vc_column width=&#8221;1\/3&#8243; el_id=&#8221;brazil&#8221;]\n        <div class=\"service-box icon-box box-shadow-2 image \">\n                        <img loading=\"lazy\" decoding=\"async\" width=\"512\" height=\"512\" src=\"https:\/\/macrocontabil.com\/wp-content\/uploads\/2020\/12\/black.png\" class=\"attachment-full size-full\" alt=\"\" srcset=\"https:\/\/macrocontabil.com\/wp-content\/uploads\/2020\/12\/black.png 512w, https:\/\/macrocontabil.com\/wp-content\/uploads\/2020\/12\/black-300x300.png 300w, https:\/\/macrocontabil.com\/wp-content\/uploads\/2020\/12\/black-150x150.png 150w\" sizes=\"(max-width: 512px) 100vw, 512px\" \/>        <div class=\"content-box\">\n            <h4>Em todo o Brasil<\/h4>\n            <p><\/p>\n<p style=\"text-align: center;\">Estamos prontos para atender a sua empresa, n\u00e3o importa onde voc\u00ea esteja, entendendo as peculiaridades de cada estado e cidade.<\/p>\n<p><\/p>\n                    <\/div>\n    <\/div>\n    \n    [\/vc_column][\/vc_row][vc_row equal_height=&#8221;yes&#8221; content_placement=&#8221;middle&#8221; el_class=&#8221;section-padd&#8221; css=&#8221;.vc_custom_1608480931027{background-color: #ffffff !important;}&#8221; el_id=&#8221;quem-somos&#8221;][vc_column][vc_row_inner equal_height=&#8221;yes&#8221; content_placement=&#8221;middle&#8221;][vc_column_inner css=&#8221;.vc_custom_1553849412190{padding-top: 300px !important;padding-bottom: 250px !important;background-image: url(https:\/\/macrocontabil.com\/wp-content\/uploads\/2019\/03\/bg-home1.jpg?id=1557) !important;background-position: center !important;background-repeat: no-repeat !important;background-size: cover !important;}&#8221; offset=&#8221;vc_col-md-6&#8243;][\/vc_column_inner][vc_column_inner el_class=&#8221;bg-second&#8221; offset=&#8221;vc_col-md-6&#8243; css=&#8221;.vc_custom_1608481365012{padding-top: 20px !important;padding-bottom: 20px !important;}&#8221;][vc_empty_space height=&#8221;60px&#8221; el_class=&#8221;lg-hidden&#8221;]\n    <div class=\"section-head padding-box-2 text-light\">\n                    <h6><span>QUEM SOMOS<\/span><\/h6>\n                <h2 class=\"section-title\">O cliente \u00e9 o nosso prop\u00f3sito!<\/h2>\n            <\/div>\n\n[vc_column_text el_class=&#8221;padding-box-2 text-light&#8221; css=&#8221;.vc_custom_1606344660430{padding-top: 0px !important;padding-bottom: 0px !important;}&#8221;]<\/p>\n<p style=\"text-align: justify;\">A Macro Contabilidade possui valores pautados no bom atendimento ao cliente, no comprometimento com os prazos e das regulamenta\u00e7\u00f5es cont\u00e1beis, respeitando sempre as normas do Conselho Federal de Contabilidade.<\/p>\n<p style=\"text-align: justify;\">Nossa vis\u00e3o de neg\u00f3cio nos leva tamb\u00e9m a investir constantemente em atualiza\u00e7\u00e3o tecnol\u00f3gica, sempre no intuito de levar ao nosso cliente mais agilidade, organiza\u00e7\u00e3o e transpar\u00eancia nos processos.<\/p>\n<p style=\"text-align: justify;\">Teremos muita satisfa\u00e7\u00e3o em atend\u00ea-los e colaborar para o pleno desenvolvimento do seu neg\u00f3cio. Esperamos contribuir com sua evolu\u00e7\u00e3o e atender suas expectativas. Conte conosco para apoi\u00e1-los e ajud\u00e1-los nos processos cont\u00e1beis e financeiros da sua empresa.<\/p>\n<p>[\/vc_column_text][vc_column_text el_class=&#8221;padding-box-2 text-light&#8221; css=&#8221;.vc_custom_1608481303129{margin-bottom: 0px !important;padding-top: 30px !important;}&#8221;]<\/p>\n<p style=\"margin-bottom: 0;\"><img decoding=\"async\" class=\"alignnone wp-image-2186 \" src=\"https:\/\/macrocontabil.com\/wp-content\/uploads\/2020\/11\/ass-300x99.png\" alt=\"\" width=\"200\" \/><\/p>\n<h5 style=\"margin-bottom: 0;\">M\u00e1rcio Fran\u00e7a<\/h5>\n<p>Contador CRC-SE 008321<br \/>\nS\u00f3cio Fundador[\/vc_column_text][vc_empty_space height=&#8221;60px&#8221; el_class=&#8221;lg-hidden&#8221;][\/vc_column_inner][\/vc_row_inner][\/vc_column][\/vc_row][vc_row equal_height=&#8221;yes&#8221; content_placement=&#8221;middle&#8221; el_class=&#8221;section-padd&#8221; css=&#8221;.vc_custom_1608481473192{background-color: #ffffff !important;}&#8221; el_id=&#8221;solucoes&#8221;][vc_column]\n    <div class=\"section-head \">\n                    <h6><span>NOSSOS SERVI\u00c7OS<\/span><\/h6>\n                <h2 class=\"section-title\">O que trazemos para voc\u00ea<\/h2>\n            <\/div>\n\n[vc_empty_space height=&#8221;30px&#8221; el_class=&#8221;md-hidden sm-hidden&#8221;][vc_row_inner][vc_column_inner width=&#8221;1\/3&#8243;][vc_single_image image=&#8221;2366&#8243; img_size=&#8221;full&#8221; alignment=&#8221;center&#8221;][vc_custom_heading text=&#8221;Recupera\u00e7\u00e3o de Cr\u00e9ditos Tribut\u00e1rios&#8221; font_container=&#8221;tag:h5|text_align:center&#8221; google_fonts=&#8221;font_family:Roboto%3A100%2C100italic%2C300%2C300italic%2Cregular%2Citalic%2C500%2C500italic%2C700%2C700italic%2C900%2C900italic|font_style:700%20bold%20regular%3A700%3Anormal&#8221;][vc_column_text]<\/p>\n<p style=\"text-align: center; color: #30b0a5;\"><strong>Descubra se sua empresa pagou impostos a maior<\/strong><\/p>\n<p style=\"text-align: justify;\"><strong>Cerca de 90% das empresas pagam mais impostos do que \u00e9 realmente necess\u00e1rio.<\/strong> Visando auxiliar as empresas, a equipe da Macro Contabilidade realiza o diagn\u00f3stico e processo para recuperar cr\u00e9ditos tribut\u00e1rios. N\u00e3o \u00e9 m\u00e1gica, tampouco sonega\u00e7\u00e3o de impostos! Realizamos um minucioso processo de investiga\u00e7\u00e3o e, utilizamos as boas t\u00e9cnicas e an\u00e1lise precisa para fazer a legisla\u00e7\u00e3o trabalhar a favor da sua empresa.<\/p>\n<p>[\/vc_column_text][vc_empty_space height=&#8221;30px&#8221;][\/vc_column_inner][vc_column_inner width=&#8221;1\/3&#8243;][vc_single_image image=&#8221;1361&#8243; img_size=&#8221;full&#8221; alignment=&#8221;center&#8221;][vc_custom_heading text=&#8221;Profissionais liberais&#8221; font_container=&#8221;tag:h5|text_align:center&#8221; google_fonts=&#8221;font_family:Roboto%3A100%2C100italic%2C300%2C300italic%2Cregular%2Citalic%2C500%2C500italic%2C700%2C700italic%2C900%2C900italic|font_style:700%20bold%20regular%3A700%3Anormal&#8221;][vc_column_text]<\/p>\n<p style=\"text-align: center; color: #30b0a5;\"><strong>Contabilidade especializada e exclusiva<\/strong><\/p>\n<p style=\"text-align: justify;\">Iremos ampliar a vis\u00e3o que voc\u00ea possui hoje sobre o seu neg\u00f3cio e oferecer uma base\u00a0 de informa\u00e7\u00f5es precisas para que suas decis\u00f5es sejam assertivas e lucrativas, principalmente em rela\u00e7\u00e3o \u00e0s quest\u00f5es financeiras, cont\u00e1beis e tribut\u00e1rias, vigentes em nosso pa\u00eds. Tenha um Contador Consultor ao seu lado e assim voc\u00ea ir\u00e1 trabalhar tranquilo, pautado por informa\u00e7\u00f5es e estrat\u00e9gias certas para se tornar um empres\u00e1rio de sucesso e ter suas finan\u00e7as saud\u00e1veis.<\/p>\n<p>[\/vc_column_text][vc_empty_space height=&#8221;30px&#8221;][\/vc_column_inner][vc_column_inner width=&#8221;1\/3&#8243;][vc_single_image image=&#8221;1367&#8243; img_size=&#8221;full&#8221; alignment=&#8221;center&#8221;][vc_custom_heading text=&#8221;Empresas Juniores&#8221; font_container=&#8221;tag:h5|text_align:center&#8221; google_fonts=&#8221;font_family:Roboto%3A100%2C100italic%2C300%2C300italic%2Cregular%2Citalic%2C500%2C500italic%2C700%2C700italic%2C900%2C900italic|font_style:700%20bold%20regular%3A700%3Anormal&#8221;][vc_column_text]<\/p>\n<p style=\"text-align: center; color: #30b0a5;\"><strong>#SOUMEJ<\/strong><\/p>\n<p style=\"text-align: justify;\">Por ser p\u00f3s-j\u00fanior, nosso fundador entende as dificuldades cont\u00e1beis e fiscais encontradas em uma empresa j\u00fanior e se tornou especialista na mat\u00e9ria. Por isso, a Macro Contabilidade est\u00e1 comprometida em fortalecer o Movimento Empresa J\u00fanior e auxiliar as empresas juniores na obten\u00e7\u00e3o do Selo EJ e sua completa regulariza\u00e7\u00e3o, prestando um servi\u00e7o especializado e personalizado para EJs.<\/p>\n<p>[\/vc_column_text][vc_empty_space height=&#8221;30px&#8221;][\/vc_column_inner][\/vc_row_inner][vc_row_inner][vc_column_inner width=&#8221;1\/3&#8243;][vc_single_image image=&#8221;1358&#8243; img_size=&#8221;full&#8221; alignment=&#8221;center&#8221;][vc_custom_heading text=&#8221;Terceiriza\u00e7\u00e3o do Financeiro&#8221; font_container=&#8221;tag:h5|text_align:center&#8221; google_fonts=&#8221;font_family:Roboto%3A100%2C100italic%2C300%2C300italic%2Cregular%2Citalic%2C500%2C500italic%2C700%2C700italic%2C900%2C900italic|font_style:700%20bold%20regular%3A700%3Anormal&#8221;][vc_column_text]<\/p>\n<p style=\"text-align: center; color: #30b0a5;\"><strong>Tenha economia e o poder da informa\u00e7\u00e3o<\/strong><\/p>\n<p style=\"text-align: justify;\">Perde muito tempo com a rotina financeira?\u00a0 Conte com servi\u00e7o de BPO Financeiro da Macro Contabilidade e tenha tempo para focar em outros aspectos do seu neg\u00f3cio. Al\u00e9m disso, ganhe expressiva economia com funcion\u00e1rios e obriga\u00e7\u00f5es trabalhistas pois s\u00f3 precisar\u00e1 pagar honor\u00e1rios pelo servi\u00e7o que aqui \u00e9 feito por especialistas. Sua empresa ter\u00e1 informa\u00e7\u00f5es relevantes em tempo h\u00e1bil para a melhor tomada de decis\u00e3o.<\/p>\n<p>[\/vc_column_text][vc_empty_space height=&#8221;30px&#8221;][\/vc_column_inner][vc_column_inner width=&#8221;1\/3&#8243;][vc_single_image image=&#8221;1363&#8243; img_size=&#8221;full&#8221; alignment=&#8221;center&#8221;][vc_custom_heading text=&#8221;Rotinas Fiscais e Trabalhistas&#8221; font_container=&#8221;tag:h5|text_align:center&#8221; google_fonts=&#8221;font_family:Roboto%3A100%2C100italic%2C300%2C300italic%2Cregular%2Citalic%2C500%2C500italic%2C700%2C700italic%2C900%2C900italic|font_style:700%20bold%20regular%3A700%3Anormal&#8221;][vc_column_text]<\/p>\n<p style=\"text-align: center; color: #30b0a5;\"><strong>Tenha uma equipe expert e autoridade na mat\u00e9ria<\/strong><\/p>\n<p style=\"text-align: justify;\">Temos uma equipe preparada e atualizada sobre a legisla\u00e7\u00e3o trabalhista e fiscal. Ajudamos a encontrar maneiras legais de minimizar os impostos incidentes na sua opera\u00e7\u00e3o, atrav\u00e9s de estudos ou consultorias mais especializadas para se beneficiar de isen\u00e7\u00f5es, redu\u00e7\u00f5es e cr\u00e9ditos tribut\u00e1rios que sua empresa tiver direito, visando a economia tribut\u00e1ria.<\/p>\n<p>[\/vc_column_text][vc_empty_space height=&#8221;30px&#8221;][\/vc_column_inner][vc_column_inner width=&#8221;1\/3&#8243;][vc_single_image image=&#8221;1358&#8243; img_size=&#8221;full&#8221; alignment=&#8221;center&#8221;][vc_custom_heading text=&#8221;Imposto de Renda Pessoa F\u00edsica&#8221; font_container=&#8221;tag:h5|text_align:center&#8221; google_fonts=&#8221;font_family:Roboto%3A100%2C100italic%2C300%2C300italic%2Cregular%2Citalic%2C500%2C500italic%2C700%2C700italic%2C900%2C900italic|font_style:700%20bold%20regular%3A700%3Anormal&#8221;][vc_column_text]<\/p>\n<p style=\"text-align: center; color: #30b0a5;\"><strong>Planejamento tribut\u00e1rio acompanhamento anual<\/strong><\/p>\n<p style=\"text-align: justify;\">Quem conta com um especialista para declarar seu Imposto de Renda, tem seguran\u00e7a e tranquilidade. Tenha sua declara\u00e7\u00e3o feita de forma online, r\u00e1pida e sem pap\u00e9is. Al\u00e9m disso, fazemos o acompanhamento anual da mesma, te livrando de problemas com o fisco.<\/p>\n<p>[\/vc_column_text][vc_empty_space height=&#8221;30px&#8221;][\/vc_column_inner][\/vc_row_inner][\/vc_column][\/vc_row][vc_row el_id=&#8221;recuperacao&#8221; el_class=&#8221;section-padd&#8221;][vc_column css=&#8221;.vc_custom_1608483783118{padding-top: 30px !important;}&#8221;][vc_custom_heading text=&#8221;Recupera\u00e7\u00e3o Tribut\u00e1ria&#8221; font_container=&#8221;tag:h2|text_align:center&#8221; use_theme_fonts=&#8221;yes&#8221;][vc_column_text]<\/p>\n<p style=\"text-align: center;\">A nossa equipe traz a solu\u00e7\u00e3o para a sua empresa.<\/p>\n<p>[\/vc_column_text][vc_row_inner][vc_column_inner width=&#8221;1\/2&#8243;][vc_single_image image=&#8221;2364&#8243; img_size=&#8221;full&#8221; alignment=&#8221;center&#8221;][\/vc_column_inner][vc_column_inner width=&#8221;1\/2&#8243;][vc_raw_html]JTVCc3BfZWFzeWFjY29yZGlvbiUyMGlkJTNEJTIyMjM0OSUyMiU1RA==[\/vc_raw_html][\/vc_column_inner][\/vc_row_inner][\/vc_column][\/vc_row][vc_row el_class=&#8221;section-padd&#8221;][vc_column][vc_custom_heading text=&#8221;Por que terceirizar sua contabilidade?&#8221; font_container=&#8221;tag:h3|text_align:center&#8221; use_theme_fonts=&#8221;yes&#8221;][vc_column_text]<\/p>\n<p style=\"text-align: center;\">Facilite o dia a dia da sua empresa e terceirize o financeiro.<\/p>\n<p>[\/vc_column_text][vc_row_inner equal_height=&#8221;yes&#8221; content_placement=&#8221;middle&#8221;][vc_column_inner width=&#8221;1\/2&#8243; css=&#8221;.vc_custom_1553162476991{padding-top: 30px !important;padding-right: 30px !important;padding-bottom: 30px !important;padding-left: 30px !important;background-color: #f9f5f0 !important;}&#8221;][vc_column_text css=&#8221;.vc_custom_1606349082575{margin-bottom: 0px !important;}&#8221;]<\/p>\n<h4><span style=\"color: #00a651;\">Economia e Informa\u00e7\u00e3o<\/span><\/h4>\n<p style=\"text-align: justify;\">Tenha uma super economia com funcion\u00e1rios e impostos e contribui\u00e7\u00f5es proveniente deles. Al\u00e9m disso, levamos informa\u00e7\u00e3o relevante e de qualidade em tempo real. Tudo pelo celular.<\/p>\n<p>[\/vc_column_text][\/vc_column_inner][vc_column_inner width=&#8221;1\/2&#8243; css=&#8221;.vc_custom_1680805433727{padding-top: 100px !important;padding-bottom: 135px !important;background-image: url(https:\/\/macrocontabil.com\/wp-content\/uploads\/2019\/03\/step1.jpg?id=1173) !important;background-position: center !important;background-repeat: no-repeat !important;background-size: cover !important;}&#8221;][\/vc_column_inner][vc_column_inner][vc_empty_space el_class=&#8221;lg-hidden md-hidden&#8221;][\/vc_column_inner][\/vc_row_inner][vc_row_inner equal_height=&#8221;yes&#8221; content_placement=&#8221;middle&#8221;][vc_column_inner width=&#8221;1\/2&#8243; css=&#8221;.vc_custom_1680805484641{padding-top: 100px !important;padding-bottom: 135px !important;background-image: url(https:\/\/macrocontabil.com\/wp-content\/uploads\/2019\/03\/step2.jpg?id=1174) !important;background-position: center !important;background-repeat: no-repeat !important;background-size: cover !important;}&#8221;][\/vc_column_inner][vc_column_inner width=&#8221;1\/2&#8243; css=&#8221;.vc_custom_1680805535967{padding-top: 30px !important;padding-right: 30px !important;padding-bottom: 30px !important;padding-left: 30px !important;background-color: #f9f5f0 !important;}&#8221;][vc_column_text css=&#8221;.vc_custom_1606349153462{margin-bottom: 0px !important;}&#8221;]<\/p>\n<h4><span style=\"color: #f26522;\">Agilidade<\/span><\/h4>\n<p style=\"text-align: justify;\">N\u00e3o se preocupe com prazos. Tenha a agilidade da Macro no seu financeiro. Focamos na import\u00e2ncia da qualidade do atendimento e estreitamos ainda mais nosso relacionamento. Basta um toque para que voc\u00ea possa enviar e receber documentos.<\/p>\n<p>[\/vc_column_text][\/vc_column_inner][vc_column_inner][vc_empty_space el_class=&#8221;lg-hidden md-hidden&#8221;][\/vc_column_inner][\/vc_row_inner][vc_row_inner equal_height=&#8221;yes&#8221; content_placement=&#8221;middle&#8221;][vc_column_inner width=&#8221;1\/2&#8243; css=&#8221;.vc_custom_1553162476991{padding-top: 30px !important;padding-right: 30px !important;padding-bottom: 30px !important;padding-left: 30px !important;background-color: #f9f5f0 !important;}&#8221;][vc_column_text css=&#8221;.vc_custom_1606349224736{margin-bottom: 0px !important;}&#8221;]<\/p>\n<h4><span style=\"color: #00387a;\">Gest\u00e3o e tempo<\/span><\/h4>\n<p style=\"text-align: justify;\">Ajudamos na sua gest\u00e3o pela n\u00edvel de precis\u00e3o das informa\u00e7\u00f5es sempre em tempo h\u00e1bil. Tudo isso para que voc\u00ea tenha tempo pra focar no que importa, de fato, que \u00e9 a opera\u00e7\u00e3o e gest\u00e3o do seu neg\u00f3cio.<\/p>\n<p>[\/vc_column_text][\/vc_column_inner][vc_column_inner width=&#8221;1\/2&#8243; css=&#8221;.vc_custom_1680805503821{padding-top: 100px !important;padding-bottom: 135px !important;background-image: url(https:\/\/macrocontabil.com\/wp-content\/uploads\/2019\/03\/step3.jpg?id=1175) !important;background-position: center !important;background-repeat: no-repeat !important;background-size: cover !important;}&#8221;][\/vc_column_inner][\/vc_row_inner][\/vc_column][\/vc_row][vc_row el_class=&#8221;section-padd&#8221;][vc_column][vc_custom_heading text=&#8221;Por que terceirizar sua contabilidade?&#8221; font_container=&#8221;tag:h3|text_align:center&#8221; use_theme_fonts=&#8221;yes&#8221;][\/vc_column][\/vc_row][vc_row el_class=&#8221;section-padd bg-second&#8221; css=&#8221;.vc_custom_1608491249519{background-image: url(https:\/\/macrocontabil.com\/wp-content\/uploads\/2020\/12\/footer.jpg?id=2367) !important;background-position: center !important;background-repeat: no-repeat !important;background-size: cover !important;}&#8221; el_id=&#8221;contato&#8221;][vc_column][vc_custom_heading text=&#8221;Solicite um Atendimento&#8221; font_container=&#8221;tag:h2|text_align:center|color:%23ffffff&#8221; use_theme_fonts=&#8221;yes&#8221; css=&#8221;.vc_custom_1606432836203{margin-bottom: 15px !important;}&#8221;][vc_column_text el_class=&#8221;text-light&#8221;]<\/p>\n<p style=\"text-align: center;\">Entre em contato atrav\u00e9s dos nossos canais de atendimento para que possamos avaliar a melhor proposta para voc\u00ea e sua empresa.<\/p>\n<p>[\/vc_column_text][vc_row_inner][vc_column_inner width=&#8221;1\/2&#8243;][vc_gmaps link=&#8221;#E-8_JTNDaWZyYW1lJTIwdGl0bGUlM0QlMjJMb2NhbGl6YSVDMyVBNyVDMyVBM28lMjIlMjBzcmMlM0QlMjJodHRwcyUzQSUyRiUyRnd3dy5nb29nbGUuY29tJTJGbWFwcyUyRmVtYmVkJTNGcGIlM0QlMjExbTE4JTIxMW0xMiUyMTFtMyUyMTFkMzkxNy4yODI1NTQ1MjE5MDM0JTIxMmQtMzcuMDU1MjQxMTg1MTk5MzIlMjEzZC0xMC45NDIwMTU4MjUzMTExOTElMjEybTMlMjExZjAlMjEyZjAlMjEzZjAlMjEzbTIlMjExaTEwMjQlMjEyaTc2OCUyMTRmMTMuMSUyMTNtMyUyMTFtMiUyMTFzMHg3MWFiM2VkYjY2Y2I1MTklMjUzQTB4NjQwODViZDU4N2ZiMTE4MyUyMTJzQXYuJTI1MjBKb3JnZSUyNTIwQW1hZG8lMjUyQyUyNTIwMTU2NSUyNTIwLSUyNTIwSmFyZGlucyUyNTJDJTI1MjBBcmFjYWp1JTI1MjAtJTI1MjBTRSUyNTJDJTI1MjA0OTAyNS0zMzAlMjE1ZTAlMjEzbTIlMjExc3B0LUJSJTIxMnNiciUyMTR2MTYwNjQzMjc0OTM4NyUyMTVtMiUyMTFzcHQtQlIlMjEyc2JyJTIyJTIwd2lkdGglM0QlMjI2MDAlMjIlMjBoZWlnaHQlM0QlMjI0NTAlMjIlMjBmcmFtZWJvcmRlciUzRCUyMjAlMjIlMjBzdHlsZSUzRCUyMmJvcmRlciUzQTAlM0IlMjIlMjBhbGxvd2Z1bGxzY3JlZW4lM0QlMjIlMjIlMjBhcmlhLWhpZGRlbiUzRCUyMmZhbHNlJTIyJTIwdGFiaW5kZXglM0QlMjIwJTIyJTNFJTNDJTJGaWZyYW1lJTNF&#8221;][\/vc_column_inner][vc_column_inner width=&#8221;1\/2&#8243;][vc_column_text]<span style=\"color: #ffffff;\"><strong><i class=\"fas fa-map-pin\"><\/i> Escrit\u00f3rio:<\/strong><\/span><span style=\"color: #ffffff;\"> Av. Jorge Amado, 1565 &#8211; Jardins &#8211; CEP: 49025-330<\/span><br \/>\n<span style=\"color: #ffffff;\"><strong><i class=\"fas fa-phone\"><\/i> Telefone:<\/strong> (79) 3085-9590<\/span><br \/>\n<span style=\"color: #ffffff;\"><strong><i class=\"fab fa-whatsapp\"><\/i> Celular:<\/strong> (79) 99158-5863<\/span>[\/vc_column_text][contact-form-7 id=&#8221;1626&#8243;][\/vc_column_inner][\/vc_row_inner][\/vc_column][\/vc_row]<\/p>\n","protected":false},"excerpt":{"rendered":"<p>[vc_row full_width=&#8221;stretch_row_content_no_spaces&#8221;][vc_column][rev_slider_vc alias=&#8221;home1&#8243;][\/vc_column][\/vc_row][vc_row full_width=&#8221;stretch_row_content_no_spaces&#8221; full_height=&#8221;yes&#8221; equal_height=&#8221;yes&#8221;][vc_column width=&#8221;1\/3&#8243;][\/vc_column][vc_column width=&#8221;1\/3&#8243;][\/vc_column][vc_column width=&#8221;1\/3&#8243; el_id=&#8221;brazil&#8221;][\/vc_column][\/vc_row][vc_row equal_height=&#8221;yes&#8221; content_placement=&#8221;middle&#8221; el_class=&#8221;section-padd&#8221; css=&#8221;.vc_custom_1608480931027{background-color: #ffffff !important;}&#8221; el_id=&#8221;quem-somos&#8221;][vc_column][vc_row_inner equal_height=&#8221;yes&#8221; content_placement=&#8221;middle&#8221;][vc_column_inner css=&#8221;.vc_custom_1553849412190{padding-top: 300px !important;padding-bottom: 250px !important;background-image: url(https:\/\/macrocontabil.com\/wp-content\/uploads\/2019\/03\/bg-home1.jpg?id=1557) !important;background-position: center !important;background-repeat: no-repeat !important;background-size: cover !important;}&#8221; offset=&#8221;vc_col-md-6&#8243;][\/vc_column_inner][vc_column_inner el_class=&#8221;bg-second&#8221; offset=&#8221;vc_col-md-6&#8243; css=&#8221;.vc_custom_1608481365012{padding-top: 20px !important;padding-bottom: 20px !important;}&#8221;][vc_empty_space height=&#8221;60px&#8221; el_class=&#8221;lg-hidden&#8221;][vc_column_text el_class=&#8221;padding-box-2 text-light&#8221; css=&#8221;.vc_custom_1606344660430{padding-top: 0px !important;padding-bottom: 0px !important;}&#8221;] A Macro Contabilidade possui valores pautados [&hellip;]<\/p>\n","protected":false},"author":1,"featured_media":0,"parent":0,"menu_order":0,"comment_status":"closed","ping_status":"closed","template":"","meta":{"om_disable_all_campaigns":false,"_monsterinsights_skip_tracking":false,"_monsterinsights_sitenote_active":false,"_monsterinsights_sitenote_note":"","_monsterinsights_sitenote_category":0,"footnotes":""},"class_list":["post-1530","page","type-page","status-publish","hentry"],"aioseo_notices":[],"_links":{"self":[{"href":"https:\/\/macrocontabil.com\/index.php\/wp-json\/wp\/v2\/pages\/1530"}],"collection":[{"href":"https:\/\/macrocontabil.com\/index.php\/wp-json\/wp\/v2\/pages"}],"about":[{"href":"https:\/\/macrocontabil.com\/index.php\/wp-json\/wp\/v2\/types\/page"}],"author":[{"embeddable":true,"href":"https:\/\/macrocontabil.com\/index.php\/wp-json\/wp\/v2\/users\/1"}],"replies":[{"embeddable":true,"href":"https:\/\/macrocontabil.com\/index.php\/wp-json\/wp\/v2\/comments?post=1530"}],"version-history":[{"count":94,"href":"https:\/\/macrocontabil.com\/index.php\/wp-json\/wp\/v2\/pages\/1530\/revisions"}],"predecessor-version":[{"id":2892,"href":"https:\/\/macrocontabil.com\/index.php\/wp-json\/wp\/v2\/pages\/1530\/revisions\/2892"}],"wp:attachment":[{"href":"https:\/\/macrocontabil.com\/index.php\/wp-json\/wp\/v2\/media?parent=1530"}],"curies":[{"name":"wp","href":"https:\/\/api.w.org\/{rel}","templated":true}]}}